{"id":293,"date":"2016-09-12T11:33:47","date_gmt":"2016-09-12T11:33:47","guid":{"rendered":"http:\/\/kastanienhof-langendamm.de\/?page_id=293"},"modified":"2026-04-24T10:42:51","modified_gmt":"2026-04-24T10:42:51","slug":"tipps-ausfluege","status":"publish","type":"page","link":"https:\/\/kastanienhof-langendamm.de\/?page_id=293","title":{"rendered":"Urlaubstipps"},"content":{"rendered":"<div class=\"tailor-element tailor-section tailor-57d6abc31bb09\">\n<div class=\"tailor-section__content\">\n<ul class=\"tailor-element tailor-list tailor-list--icon tailor-list--default tailor-57d6abc31bb06\">\n<li class=\"tailor-list__item tailor-list__item--icon tailor-57d6abc31bb03\">Ihr Ferienhaus bietet den Vorteil, dass Sie abseits vom Touristenboom sehr ruhig wohnen und sich\u00a0 dennoch in unmittelbarer N\u00e4he der Ostsee und gro\u00dfartiger Natur befinden.<\/li>\n<li class=\"tailor-list__item tailor-list__item--icon tailor-57d6abc31bb03\">Wir m\u00f6chten Ihnen ein paar praktische Hinweise und Ausflugtipps f\u00fcr die K\u00fcste und das Ostseehinterland und zu Ihrem Aufenthalt geben. Im Ort selbst, in Langendamm haben Sie eine hervorragende Ausgangsposition um so viel zu sehen, dass ein einw\u00f6chiger Aufenthalt nicht ausreichen wird. Sprechen Sie uns gerne auch vor Ort an, um noch den ein oder anderen Geheimtipp abzufassen!<\/li>\n<li class=\"tailor-list__item tailor-list__item--icon tailor-57d6abc31bb03\">\n<div class=\"tailor-list__graphic\"><span class=\"dashicons dashicons-location-alt\"><\/span><\/div>\n<div class=\"tailor-list__body\">\n<h3 class=\"tailor-list__title\">Im Boddendorf Langendamm<\/h3>\n<div class=\"tailor-list__content\">\n<div class=\"tailor-element tailor-content tailor-57d6abc31bb02\">\n<p>Das Dorf macht seinem Namen alle Ehre. Es liegt langgestreckt am Rande des Saaler Boddens. Zwei Hauptstra\u00dfen \u2013 die Waldreihe und die Seereihe \u2013 sind mal dichter, aber meist wohl verteilt bebaut. Es gibt noch viele H\u00e4user mit Reet (Schilf), aber auch neu gebaute. Auch zwei Kleingartensiedlungen sind dazwischen. Wenn Sie hier spazieren gehen, ist Ihr Weg ums\u00e4umt von einem Waldgebiet oder Wiesen mit breiten Schilfg\u00fcrteln, der durch kleine Badestellen unterbrochen wird.<br \/>\nHier gibt es einen offiziellen kleinen <strong>Badestrand<\/strong> mit j\u00e4hrlich gepr\u00fcfter sehr guter Wasserqualit\u00e4t, der in f\u00fcnf Minuten zu Fu\u00df erreichbar ist. Das Wasser ist leicht salzhaltig und oft viel w\u00e4rmer als die Ostsee. Es geht flach hinein und daher ideal auch f\u00fcr kleinere Kinder.<\/p>\n<p><a href=\"http:\/\/kastanienhof-langendamm.de\/wp-content\/uploads\/2016\/07\/cropped-Ferienhaus-Kastanienhof-Langendamm-.jpg\"><img decoding=\"async\" loading=\"lazy\" class=\"aligncenter size-full wp-image-149\" src=\"http:\/\/kastanienhof-langendamm.de\/wp-content\/uploads\/2016\/07\/cropped-Ferienhaus-Kastanienhof-Langendamm-.jpg\" alt=\"cropped-Ferienhaus-Kastanienhof-Langendamm-.jpg\" width=\"1500\" height=\"305\" srcset=\"https:\/\/kastanienhof-langendamm.de\/wp-content\/uploads\/2016\/07\/cropped-Ferienhaus-Kastanienhof-Langendamm-.jpg 1500w, https:\/\/kastanienhof-langendamm.de\/wp-content\/uploads\/2016\/07\/cropped-Ferienhaus-Kastanienhof-Langendamm--300x61.jpg 300w, https:\/\/kastanienhof-langendamm.de\/wp-content\/uploads\/2016\/07\/cropped-Ferienhaus-Kastanienhof-Langendamm--768x156.jpg 768w, https:\/\/kastanienhof-langendamm.de\/wp-content\/uploads\/2016\/07\/cropped-Ferienhaus-Kastanienhof-Langendamm--1024x208.jpg 1024w, https:\/\/kastanienhof-langendamm.de\/wp-content\/uploads\/2016\/07\/cropped-Ferienhaus-Kastanienhof-Langendamm--1180x240.jpg 1180w\" sizes=\"(max-width: 1500px) 100vw, 1500px\" \/><\/a><br \/>\nIm R\u00fccken zum Festland erstreckt sich ein gr\u00f6\u00dferes Waldgebiet mit vielen Wegen f\u00fcr <strong>Spazierg\u00e4nge<\/strong>. Direkt am Boddenrand gibt es <strong>Wanderwege<\/strong>, teils auf dem kleinen Deich, teils \u00fcber Wiesen, die in beide Richtungen au\u00dferhalb der Ortschaft weite Blicke in die Landschaft und \u00fcber den Bodden frei geben und zum Weiterwandern einladen.<br \/>\nTipp:<br \/>\nWanderung zum <a href=\"https:\/\/www.google.de\/maps\/dir\/\/Ferienhaus+Kastanienhof+Langendamm,+Heideweg+3,+Ortsteil+Langendamm,+18311+Ribnitz-Damgarten\/@54.293148,12.429099,3a,75y,90t\/data=!3m8!1e2!3m6!1s25881545!2e1!3e10!6s%2F%2Flh6.googleusercontent.com%2Fproxy%2FT6NNphIkhNKZHLTBZVl2Y11zaxtoodqgeCKLTmK0ZyQyzSSYzXmShZYxXDUlXfTsR_BCfpOsnDFLNr6HmYycadEzzQ_2nw%3Dw203-h152!7i3264!8i2448!4m9!4m8!1m0!1m5!1m1!1s0x47acf2bf09f22e1b:0x6711517be2104f76!2m2!1d12.4648!2d54.295659!3e2\">Moischenstein<\/a>, der historischen Grenze zwischen Mecklenburg und Vorpommern (ca. 1h). Auch ein Radweg mit Anschluss nach Ribnitz, zum Fischland sowie entlang der s\u00fcdlichen Boddenkette nach Barth ist schnell erreichbar.<br \/>\nWer Natur, Ruhe und Einsamkeit sucht, ist hier genau richtig. Langendamm ist staatlich anerkannter Erholungsort!<\/p>\n<hr \/>\n<\/div>\n<\/div>\n<\/div>\n<\/li>\n<li class=\"tailor-list__item tailor-list__item--icon tailor-57d6abc31bb08\">\n<div class=\"tailor-list__graphic\"><span class=\"dashicons dashicons-format-image\"><\/span><\/div>\n<div class=\"tailor-list__body\">\n<h3 class=\"tailor-list__title\">Zwischen Ostsee, Boddenlandschaft und Recknitztal: Ausflugtipps im regionalen Umfeld<\/h3>\n<div class=\"tailor-list__content\">\n<div class=\"tailor-element tailor-content tailor-57d6abc31bb07\">\n<h5>Der Nationalpark<\/h5>\n<p>Zu den sch\u00f6nsten Str\u00e4nden Deutschlands z\u00e4hlt der <strong>wilde Darsser Weststrand<\/strong> mit seinen wunderbaren W\u00e4ldern, die am Meer abbrechen oder die <strong>Ahrenshooper Steilk\u00fcste<\/strong>. Diese liegen im Nationalpark Vorpommersche Boddenlandschaft, der bis zur Insel Hiddensee und zur\u00a0Insel R\u00fcgen reicht. Der <a href=\"http:\/\/www.fischland-darss-zingst.de\/reiseziele\/nationalpark-vorpommersche-boddenlandschaft\/\"><strong>Nationalpark<\/strong> <\/a>sch\u00fctzt dieses Wunderwerk der Natur auf der nahe gelegenen Halbinsel bis zum Festland, zu dem auch Langendamm geh\u00f6rt. Feinsandige Str\u00e4nde auf der einen und hohe Schilfg\u00fcrtel auf der anderen Seite pr\u00e4gen die Ufer.<br \/>\nTipp:<br \/>\nJeweils Anfang Oktober findet in der Dar\u00dfer Arche und weiteren Orten rund um den Bodden das Dar\u00dfer Naturfilmfestival statt. Es lohnt sich, gro\u00dfartige Filme und ihre Sch\u00f6pfer live kennen zu lernen. Nebeneffekt: die ersten Kraniche kommen.<\/p>\n<p>Am Darsser Weststrand (ca. 40 Autominuten) ist die See besonders ungest\u00fcm. Die Zone 1 des Nationalparks ist nicht begehbar und bleibt im Fr\u00fchjahr und Herbst den unz\u00e4hligen Kranichen \u00fcberlassen, die man aber auf ausgewiesenen Wegen und von Aussichtsplattformen in der Zone 2 eindrucksvoll beobachten kann. Das <strong>Nationalparkzentrum am Leuchtturm Dar\u00dfer Ort<\/strong> gibt ausf\u00fchrliche Informationen dazu. Weitere empfehlenswerte Wandertouren unserer Region finden sie z.B. <a href=\"http:\/\/www.fischland-darss-zingst.de\/aktivitaeten\/aktiv-in-der-natur\/wandern-und-walken\/\">hier.<\/a><\/p>\n<p><a href=\"http:\/\/kastanienhof-langendamm.de\/wp-content\/uploads\/2016\/07\/Ferienhaus-Kastanienhof-Langendamm-524.jpg\"><img decoding=\"async\" loading=\"lazy\" class=\"aligncenter size-full wp-image-170\" src=\"http:\/\/kastanienhof-langendamm.de\/wp-content\/uploads\/2016\/07\/Ferienhaus-Kastanienhof-Langendamm-524.jpg\" alt=\"Ferienhaus Kastanienhof Langendamm-524\" width=\"2048\" height=\"1089\" srcset=\"https:\/\/kastanienhof-langendamm.de\/wp-content\/uploads\/2016\/07\/Ferienhaus-Kastanienhof-Langendamm-524.jpg 2048w, https:\/\/kastanienhof-langendamm.de\/wp-content\/uploads\/2016\/07\/Ferienhaus-Kastanienhof-Langendamm-524-300x160.jpg 300w, https:\/\/kastanienhof-langendamm.de\/wp-content\/uploads\/2016\/07\/Ferienhaus-Kastanienhof-Langendamm-524-768x408.jpg 768w, https:\/\/kastanienhof-langendamm.de\/wp-content\/uploads\/2016\/07\/Ferienhaus-Kastanienhof-Langendamm-524-1920x1021.jpg 1920w, https:\/\/kastanienhof-langendamm.de\/wp-content\/uploads\/2016\/07\/Ferienhaus-Kastanienhof-Langendamm-524-715x380.jpg 715w\" sizes=\"(max-width: 2048px) 100vw, 2048px\" \/><\/a><\/p>\n<h5>Ribnitz: Grenzstadt zwischen Vorpommern und Mecklenburg<\/h5>\n<p>Bis zum naheliegendsten sch\u00f6nen <strong>Sandstrand in Neuhaus<\/strong> (siehe Foto) sind es nur 18 km bzw. 20 Autominuten oder mit dem Fahrrad ein klein wenig l\u00e4nger. Dazwischen liegt <strong>Ribnitz-Damgarten<\/strong> mit seinem Hafen, <strong>Fischgastst\u00e4tten <\/strong>(u.a. regionaler R\u00e4ucherfisch), dem gr\u00f6\u00dften <a href=\"http:\/\/www.deutsches-bernsteinmuseum.de\/\"><strong>Bernsteinmuseum<\/strong> <\/a>Deutschlands und zahlreichen Einkaufsm\u00f6glichkeiten. Ein Bioladen am Markt bietet neben \u00f6kologischen Produkten veganen Mittagstisch. Das <strong>St. Klarissenkloster<\/strong> berichtet eindrucksvoll von der Geschichte der Stadt. Auch lohnt sich\u00a0<span>ein Stopp an der <\/span><strong>Marienkirche <\/strong>auf dem Ribnitzer Markt<span>, dessen Turm einen spektakul\u00e4ren Blick \u00fcber die Region freigibt.<\/span><\/p>\n<p><a href=\"http:\/\/kastanienhof-langendamm.de\/wp-content\/uploads\/2016\/07\/20140419-IMGP7547-e1473687367545.jpg\"><img decoding=\"async\" loading=\"lazy\" class=\"aligncenter size-full wp-image-81\" src=\"http:\/\/kastanienhof-langendamm.de\/wp-content\/uploads\/2016\/07\/20140419-IMGP7547-e1473687367545.jpg\" alt=\"20140419-IMGP7547\" width=\"3162\" height=\"2470\" srcset=\"https:\/\/kastanienhof-langendamm.de\/wp-content\/uploads\/2016\/07\/20140419-IMGP7547-e1473687367545.jpg 3162w, https:\/\/kastanienhof-langendamm.de\/wp-content\/uploads\/2016\/07\/20140419-IMGP7547-e1473687367545-300x234.jpg 300w, https:\/\/kastanienhof-langendamm.de\/wp-content\/uploads\/2016\/07\/20140419-IMGP7547-e1473687367545-768x600.jpg 768w, https:\/\/kastanienhof-langendamm.de\/wp-content\/uploads\/2016\/07\/20140419-IMGP7547-e1473687367545-1383x1080.jpg 1383w, https:\/\/kastanienhof-langendamm.de\/wp-content\/uploads\/2016\/07\/20140419-IMGP7547-e1473687367545-486x380.jpg 486w\" sizes=\"(max-width: 3162px) 100vw, 3162px\" \/><\/a><\/p>\n<h5>Die s\u00fcdliche BoddenK\u00fcste<\/h5>\n<p>Rund um den Bodden schl\u00e4ngelt sich ein gut ausgebauter 80 km langen <strong>Radwanderweg<\/strong>, der an Saal vorbeif\u00fchrt und von Langendamm einen Zubringer hat und von den Boddend\u00f6rfern Bodstedt oder Fuhlendorf im Sommer eine Bodden\u00fcberquerung mit dem Schiff zu Fu\u00df und per Rad zum Nationalpark Darsser Urwald erm\u00f6glicht. Im September finden Regatten mit den\u00a0<a href=\"http:\/\/www.fischland-darss-zingst.de\/aktivitaeten\/kunst-und-kultur\/tradition-und-brauchtum\/zeesboote\/\"><strong>Zeesboten<\/strong><\/a>, den traditionellen\u00a0Fischerbooten statt. Bei <a href=\"http:\/\/www.cafe-bar-wolli.de\/\">Wollys Kaffee<\/a> kann man nicht nur guten Kuchen essen, Kinder k\u00f6nnen Meerschweinchen f\u00fcttern. Hier auf der ruhigeren, weniger touristischen s\u00fcdlichen Boddenseite pr\u00e4gen landeinw\u00e4rts Felder, Wiesen und B\u00e4che das Bild. Die weit verstreuten D\u00f6rfer schm\u00fccken sich oft mit uralten Kirchen und stattlichen Gutsh\u00e4usern. In dem nahegelegenen einstigen <strong>Gutshaus Hessenburg<\/strong> befindet sich das <strong>Kranichmuseum<\/strong> mit einem kleinen Kaffee.<\/p>\n<p>In Klockenhagen befindet sich das gr\u00f6\u00dfte\u00a0<a href=\"http:\/\/www.auf-nach-mv.de\/reiseziele\/a-freilichtmuseum-klockenhagen\"><strong>Freilichtmuseum<\/strong> <\/a>Mecklenburg-Vorpommerns\u00a0mit historischen H\u00e4usern, Kr\u00e4utergarten und Tieren. Im benachbarten Seeheilbad findet sich das pr\u00e4mierte Projekt \u201e<a href=\"http:\/\/www.auf-nach-mv.de\/reiseziele\/a-erlebnis-natur-graal-mueritz\">Erlebnis Natur Graal-M\u00fcritz<\/a>\u201c und l\u00e4dt zur unkonventionellen Umweltbildung f\u00fcr Jung und Alt.<\/p>\n<h6>Recknitztal: dem Biber auf der Spur<\/h6>\n<p><span>Auch eine <strong>Bootsfahrt<\/strong> auf dem <strong>Fl\u00fcsschen Recknitz<\/strong>, das Mecklenburg und Vorpommern teilt, ist sehr empfehlenswert. Eigene <strong>Touren mit Leihkayak<\/strong> und Bootsr\u00fccktransport sind bspw. m\u00f6glich. Auch <a href=\"http:\/\/www.auf-nach-mv.de\/veranstaltungssuche\/e-auf-den-spuren-des-bibers-abendstimmung-auf-der-recknitz\">gef\u00fchrte Touren<\/a>, um bspw. neben dem <strong>Biber\u00a0<\/strong>noch vieles andere zu entdecken: Schwarzspecht, <strong>Eisvogel<\/strong>, Reiher, <strong>Seeadler<\/strong>, Pirol und Nachtigal sind hier an der Recknitz zu Hause.\u00a0<\/span><span>Der Nahe <strong>Marlow<\/strong> gelegene <a href=\"http:\/\/vogelpark-marlow.de\/pages\/Home.php\">Vogelpark <\/a>l\u00e4sst Kinderherzen h\u00f6her schlagen und gro\u00df und klein kommt nicht nur den V\u00f6geln der Region ganz nahe.<\/span><\/p>\n<p>Tipp: \u00dcbersicht der Radwege auf einer Karte:\u00a0<a href=\"http:\/\/www.openstreetmap.org\/#map=12\/54.3183\/12.4983&amp;layers=C\">Gr\u00f6\u00dfere Karte anzeigen<\/a>.<\/p>\n<hr \/>\n<\/div>\n<\/div>\n<\/div>\n<\/li>\n<li class=\"tailor-list__item tailor-list__item--icon tailor-57d6abc31bb11\">\n<div class=\"tailor-list__graphic\"><span class=\"dashicons dashicons-art\"><\/span><\/div>\n<div class=\"tailor-list__body\">\n<h3 class=\"tailor-list__title\">Tagesausflug zu Kunst &amp; Kultur: Unesco Welterbe, K\u00fcnstlerkolonie &amp; Co<\/h3>\n<div class=\"tailor-list__content\">\n<div class=\"tailor-element tailor-content tailor-57d6abc31bb10\">\n<h5><span>K\u00fcnstlerkolonie Ahrenshoop<\/span><\/h5>\n<p><span>Im <\/span><strong>Hirschburg, <\/strong>nahe Ribnitz,\u00a0<span> beginnt in der <a href=\"http:\/\/www.kunsthof-hirschburg.de\/\">Black-Box<\/a> ein <\/span><strong>Kunstpfad<\/strong><span>, der in <\/span><strong>Ahrenshoop<\/strong><span> als einstige <\/span><strong>K\u00fcnstlerkolonie<\/strong><span> und heutigem <\/span><strong>Kunstort<\/strong><span> sich besonders dicht gestaltet. Historische Einblicke und aktuellstes Kunstgeschehen sind in <\/span><strong>Museen, Galerien und Kirchen<\/strong><span> m\u00f6glich. Besonders zu empfehlen ist das architektonisch interessante Kunstmuseum Ahrenshoop mit viel Kunstgeschichte oder das Neue Kunsthaus mit zeitgen\u00f6ssischer Kunst.<\/span><\/p>\n<h5>Schnell zu erreichen: die drei Hansest\u00e4dte Wismar, Rostock und Stralsund<\/h5>\n<p>Die \u00fcberregional bedeutenden Hansest\u00e4dte Rostock, Wismar und Stralsund sind innerhalb von 30-80 Autominuten erreichbar.\u00a0<a href=\"http:\/\/www.auf-nach-mv.de\/hansestadt-rostock\">Rostocks <\/a>Hafen und seine Museen sind auch bei schlechterem Wetter immer attraktiv. <a href=\"http:\/\/www.auf-nach-mv.de\/hansestadt-stralsund\">Stralsund <\/a>mit seinem historischen barocken Stadtkern ist <strong>Weltkulturerbe<\/strong> und das <strong>Ozeaneum<\/strong> samt Meeresmuseum beeindrucken gro\u00df und klein gleicherma\u00dfen. Auch <a href=\"http:\/\/www.auf-nach-mv.de\/hansestadt-wismar\">Wismar <\/a>begeistert mit drei himmelshohen Backsteinkathedralen. In G\u00fcstrow kann man den Spuren <a href=\"http:\/\/www.auf-nach-mv.de\/reiseziele\/a-atelierhaus-ernst-barlach\">Ernst Barlachs<\/a> folgen.<\/p>\n<hr \/>\n<\/div>\n<\/div>\n<\/div>\n<\/li>\n<li class=\"tailor-list__item tailor-list__item--icon tailor-57d6abc31bb05\">\n<div class=\"tailor-list__graphic\"><span class=\"dashicons dashicons-carrot\"><\/span><\/div>\n<div class=\"tailor-list__body\">\n<h3 class=\"tailor-list__title\">Einkaufen: wo gibt es regionale Produkte?<\/h3>\n<div class=\"tailor-list__content\">\n<div class=\"tailor-element tailor-content tailor-57d6abc31bb04\">\n<p><a href=\"http:\/\/kastanienhof-langendamm.de\/wp-content\/uploads\/2016\/09\/P7310859.jpg\"><img decoding=\"async\" loading=\"lazy\" class=\"size-full wp-image-301\" src=\"http:\/\/kastanienhof-langendamm.de\/wp-content\/uploads\/2016\/09\/P7310859.jpg\" alt=\"OLYMPUS DIGITAL CAMERA\" width=\"2048\" height=\"1536\" srcset=\"https:\/\/kastanienhof-langendamm.de\/wp-content\/uploads\/2016\/09\/P7310859.jpg 2048w, https:\/\/kastanienhof-langendamm.de\/wp-content\/uploads\/2016\/09\/P7310859-300x225.jpg 300w, https:\/\/kastanienhof-langendamm.de\/wp-content\/uploads\/2016\/09\/P7310859-768x576.jpg 768w, https:\/\/kastanienhof-langendamm.de\/wp-content\/uploads\/2016\/09\/P7310859-1440x1080.jpg 1440w, https:\/\/kastanienhof-langendamm.de\/wp-content\/uploads\/2016\/09\/P7310859-507x380.jpg 507w\" sizes=\"(max-width: 2048px) 100vw, 2048px\" \/><\/a><\/p>\n<p><span>Bioprodukte sind im nahe gelegenen Saal auf einem Biobauernhof zu erhalten, wo selbst produziertes Gem\u00fcse und selbst gebackenes Brot angeboten wird &#8211; biologisch produziert.<br \/>\nDer kleine Kr\u00e4utergarten des Hauses am Kastanienhof selbst steht auch den G\u00e4sten zur Nutzung zur Verf\u00fcgung.<br \/>\n<\/span>In Damgarten und Ribnitz (5-10 Minuten mit dem Auto) gibt es mehr als f\u00fcnf <strong>Superm\u00e4rkte<\/strong>. Ganz nahe in Damgarten gibt es einen Edeka mit vielen Bioprodukten.<\/p>\n<\/div>\n<\/div>\n<\/div>\n<\/li>\n<\/ul>\n<\/div>\n<\/div>\n","protected":false},"excerpt":{"rendered":"<p>Ihr Ferienhaus bietet den Vorteil, dass Sie abseits vom Touristenboom sehr ruhig wohnen und sich\u00a0 dennoch in unmittelbarer N\u00e4he der Ostsee und gro\u00dfartiger Natur befinden. Wir m\u00f6chten Ihnen ein paar praktische Hinweise und Ausflugtipps f\u00fcr die K\u00fcste und das Ostseehinterland und zu Ihrem Aufenthalt geben. Im Ort selbst, in Langendamm haben Sie eine hervorragende Ausgangsposition &hellip; <a href=\"https:\/\/kastanienhof-langendamm.de\/?page_id=293\" class=\"more-link\">Weiterlesen <span class=\"screen-reader-text\">Urlaubstipps<\/span><\/a><\/p>\n","protected":false},"author":1,"featured_media":0,"parent":0,"menu_order":0,"comment_status":"closed","ping_status":"closed","template":"","meta":[],"_links":{"self":[{"href":"https:\/\/kastanienhof-langendamm.de\/index.php?rest_route=\/wp\/v2\/pages\/293"}],"collection":[{"href":"https:\/\/kastanienhof-langendamm.de\/index.php?rest_route=\/wp\/v2\/pages"}],"about":[{"href":"https:\/\/kastanienhof-langendamm.de\/index.php?rest_route=\/wp\/v2\/types\/page"}],"author":[{"embeddable":true,"href":"https:\/\/kastanienhof-langendamm.de\/index.php?rest_route=\/wp\/v2\/users\/1"}],"replies":[{"embeddable":true,"href":"https:\/\/kastanienhof-langendamm.de\/index.php?rest_route=%2Fwp%2Fv2%2Fcomments&post=293"}],"version-history":[{"count":14,"href":"https:\/\/kastanienhof-langendamm.de\/index.php?rest_route=\/wp\/v2\/pages\/293\/revisions"}],"predecessor-version":[{"id":399,"href":"https:\/\/kastanienhof-langendamm.de\/index.php?rest_route=\/wp\/v2\/pages\/293\/revisions\/399"}],"wp:attachment":[{"href":"https:\/\/kastanienhof-langendamm.de\/index.php?rest_route=%2Fwp%2Fv2%2Fmedia&parent=293"}],"curies":[{"name":"wp","href":"https:\/\/api.w.org\/{rel}","templated":true}]}}