{"id":2,"date":"2016-05-10T03:48:21","date_gmt":"2016-05-10T03:48:21","guid":{"rendered":"http:\/\/wp452m.a10-52-158-154.qa.plesk.ru\/wordpress\/?page_id=2"},"modified":"2021-04-04T10:42:59","modified_gmt":"2021-04-04T10:42:59","slug":"sample-page","status":"publish","type":"page","link":"https:\/\/kastanienhof-langendamm.de\/","title":{"rendered":"WILLKOMMEN IM RUHIGEN HINTERLAND DER OSTSEE"},"content":{"rendered":"<p><script><br \/>\n  (function(i,s,o,g,r,a,m){i['GoogleAnalyticsObject']=r;i[r]=i[r]||function(){<br \/>\n  (i[r].q=i[r].q||[]).push(arguments)},i[r].l=1*new Date();a=s.createElement(o),<br \/>\n  m=s.getElementsByTagName(o)[0];a.async=1;a.src=g;m.parentNode.insertBefore(a,m)<br \/>\n  })(window,document,'script','https:\/\/www.google-analytics.com\/analytics.js','ga');<\/p>\n<p>  ga('create', 'UA-80873182-1', 'auto');<br \/>\n  ga('send', 'pageview');<\/p>\n<p><\/script><\/p>\n<p>Sie suchen einen Urlaubsort fern touristischer Hektik, eine Ferienwohnung mit viel Ruhe und Natur und doch nahe der Ostsee und den Zentren von Kunst, Kultur und Erholung? Dann sind Sie richtig im reetgedeckten blauen Haus am Bodden auf dem Kastanienhof.<\/p>\n<p>In privater Atmosph\u00e4re finden Sie im Hinterland der Halbinsel Fischland-Dar\u00df-Zingst eine ideale Unterkunft mit viel Ruhe, stilvoller Einrichtung, schnellem Glasfaser-Internet und gro\u00dfem Garten. Sie wohnen am Saaler Bodden mit M\u00f6glichkeiten zu ausgedehnten einsamen Spazierg\u00e4ngen oder Radtouren und sind in nur 20 Autominuten an der Ostsee und an den Orten der Halbinsel Fischland-Dar\u00df-Zingst. Langendamm liegt am Rande des Nationalparks Vorpommersche Boddenlandschaft, der bis zur Insel Hiddensee und der Westseite R\u00fcgens reicht. Die Lage bietet den Vorteil, die Urlaubsstr\u00e4nde sowie die herrlichen Landschaften des Hinterlandes auf kurzen Wegen zu erreichen und gleichsam abseits von jeder Hektik die Ruhe zu genie\u00dfen.<\/p>\n<hr \/>\n<h1>Der Kastanienhof<\/h1>\n<div id=\"attachment_171\" style=\"width: 1034px\" class=\"wp-caption aligncenter\"><a href=\"http:\/\/kastanienhof-langendamm.de\/wp-content\/uploads\/2016\/07\/Ferienhaus-Kastanienhof-11.jpg\"><img aria-describedby=\"caption-attachment-171\" decoding=\"async\" loading=\"lazy\" class=\"wp-image-171 size-full\" src=\"http:\/\/kastanienhof-langendamm.de\/wp-content\/uploads\/2016\/07\/Ferienhaus-Kastanienhof-11.jpg\" alt=\"Ferienhaus Kastanienhof-11\" width=\"1024\" height=\"678\" srcset=\"https:\/\/kastanienhof-langendamm.de\/wp-content\/uploads\/2016\/07\/Ferienhaus-Kastanienhof-11.jpg 1024w, https:\/\/kastanienhof-langendamm.de\/wp-content\/uploads\/2016\/07\/Ferienhaus-Kastanienhof-11-300x199.jpg 300w, https:\/\/kastanienhof-langendamm.de\/wp-content\/uploads\/2016\/07\/Ferienhaus-Kastanienhof-11-768x509.jpg 768w, https:\/\/kastanienhof-langendamm.de\/wp-content\/uploads\/2016\/07\/Ferienhaus-Kastanienhof-11-574x380.jpg 574w\" sizes=\"(max-width: 1024px) 100vw, 1024px\" \/><\/a><p id=\"caption-attachment-171\" class=\"wp-caption-text\">Das Haus im Fr\u00fchjahr<\/p><\/div>\n<h4>LAGE UND UMGEBUNG<\/h4>\n<p>Das reetgedeckte blaue Haus auf dem Kastanienhof liegt in einem kleinem (staatlich anerkannten) Erholungsort am Saaler Bodden am Rande des <strong>Nationalpark Vorpommersche Boddenlandschaft<\/strong>, abseits der Stra\u00dfen und dennoch sehr gut erreichbar. Ein gro\u00dfer an freie Felder grenzender Bauerngarten verschafft ihnen absolute Ruhe und Kindern genug Weite zum Spielen und zum Entdecken.<\/p>\n<div id=\"attachment_7\" style=\"width: 4249px\" class=\"wp-caption alignnone\"><a href=\"http:\/\/kastanienhof-langendamm.de\/wp-content\/uploads\/2016\/07\/Ferienhaus-Kastanienhof-Langendamm_Luftbild-mit-Erkl\u00e4rung.jpg\"><img aria-describedby=\"caption-attachment-7\" decoding=\"async\" loading=\"lazy\" class=\"wp-image-7 size-full\" src=\"http:\/\/kastanienhof-langendamm.de\/wp-content\/uploads\/2016\/07\/Ferienhaus-Kastanienhof-Langendamm_Luftbild-mit-Erkl\u00e4rung.jpg\" alt=\"Ferienhaus Kastanienhof Langendamm_Luftbild mit Erkl\u00e4rung\" width=\"4239\" height=\"1887\" srcset=\"https:\/\/kastanienhof-langendamm.de\/wp-content\/uploads\/2016\/07\/Ferienhaus-Kastanienhof-Langendamm_Luftbild-mit-Erkl\u00e4rung.jpg 4239w, https:\/\/kastanienhof-langendamm.de\/wp-content\/uploads\/2016\/07\/Ferienhaus-Kastanienhof-Langendamm_Luftbild-mit-Erkl\u00e4rung-300x134.jpg 300w, https:\/\/kastanienhof-langendamm.de\/wp-content\/uploads\/2016\/07\/Ferienhaus-Kastanienhof-Langendamm_Luftbild-mit-Erkl\u00e4rung-768x342.jpg 768w, https:\/\/kastanienhof-langendamm.de\/wp-content\/uploads\/2016\/07\/Ferienhaus-Kastanienhof-Langendamm_Luftbild-mit-Erkl\u00e4rung-1024x456.jpg 1024w\" sizes=\"(max-width: 4239px) 100vw, 4239px\" \/><\/a><p id=\"caption-attachment-7\" class=\"wp-caption-text\">Langendamm mit Blick \u00fcber den Saaler Bodden &#8211; zum Vergr\u00f6\u00dfern anklicken!<\/p><\/div>\n<p>Zum Bodden mit kleinem Hafen f\u00fcr Wassersportler und einer <strong>Badestelle<\/strong> sind es nur f\u00fcnf Minuten Fu\u00dfweg \u2013 ausgedehnte Spazierg\u00e4nge durch Wald, Boddenwiesen und am Schilfg\u00fcrtel entlang abseits touristischer Zentren laden zu absolutem Sp\u00fcren der Natur ein.<\/p>\n<div id=\"attachment_168\" style=\"width: 2058px\" class=\"wp-caption aligncenter\"><img aria-describedby=\"caption-attachment-168\" decoding=\"async\" loading=\"lazy\" class=\"size-full wp-image-168\" src=\"http:\/\/kastanienhof-langendamm.de\/wp-content\/uploads\/2016\/07\/Ferienhaus-Kastanienhof-Langendamm-7220245.jpg\" alt=\"OLYMPUS DIGITAL CAMERA\" width=\"2048\" height=\"1536\" srcset=\"https:\/\/kastanienhof-langendamm.de\/wp-content\/uploads\/2016\/07\/Ferienhaus-Kastanienhof-Langendamm-7220245.jpg 2048w, https:\/\/kastanienhof-langendamm.de\/wp-content\/uploads\/2016\/07\/Ferienhaus-Kastanienhof-Langendamm-7220245-300x225.jpg 300w, https:\/\/kastanienhof-langendamm.de\/wp-content\/uploads\/2016\/07\/Ferienhaus-Kastanienhof-Langendamm-7220245-768x576.jpg 768w, https:\/\/kastanienhof-langendamm.de\/wp-content\/uploads\/2016\/07\/Ferienhaus-Kastanienhof-Langendamm-7220245-1440x1080.jpg 1440w, https:\/\/kastanienhof-langendamm.de\/wp-content\/uploads\/2016\/07\/Ferienhaus-Kastanienhof-Langendamm-7220245-507x380.jpg 507w\" sizes=\"(max-width: 2048px) 100vw, 2048px\" \/><p id=\"caption-attachment-168\" class=\"wp-caption-text\">Badestelle am Saaler Bodden<\/p><\/div>\n<hr \/>\n<h4>Zur Ostsee nicht weit<\/h4>\n<p>Der Strand der Ostsee liegt mit dem Auto nur 20 Minuten, eine halbe Stunde nur ist es bis zu den Zentren von Kunst und Kultur, zum Beispiel in die einstige K\u00fcnstlerkolonie und den heutigen Kunstort Ahrenshoop.<\/p>\n<div id=\"attachment_170\" style=\"width: 2058px\" class=\"wp-caption aligncenter\"><a href=\"http:\/\/kastanienhof-langendamm.de\/wp-content\/uploads\/2016\/07\/Ferienhaus-Kastanienhof-Langendamm-524.jpg\"><img aria-describedby=\"caption-attachment-170\" decoding=\"async\" loading=\"lazy\" class=\"wp-image-170 size-full\" src=\"http:\/\/kastanienhof-langendamm.de\/wp-content\/uploads\/2016\/07\/Ferienhaus-Kastanienhof-Langendamm-524.jpg\" alt=\"Ferienhaus Kastanienhof Langendamm-524\" width=\"2048\" height=\"1089\" srcset=\"https:\/\/kastanienhof-langendamm.de\/wp-content\/uploads\/2016\/07\/Ferienhaus-Kastanienhof-Langendamm-524.jpg 2048w, https:\/\/kastanienhof-langendamm.de\/wp-content\/uploads\/2016\/07\/Ferienhaus-Kastanienhof-Langendamm-524-300x160.jpg 300w, https:\/\/kastanienhof-langendamm.de\/wp-content\/uploads\/2016\/07\/Ferienhaus-Kastanienhof-Langendamm-524-768x408.jpg 768w, https:\/\/kastanienhof-langendamm.de\/wp-content\/uploads\/2016\/07\/Ferienhaus-Kastanienhof-Langendamm-524-1920x1021.jpg 1920w, https:\/\/kastanienhof-langendamm.de\/wp-content\/uploads\/2016\/07\/Ferienhaus-Kastanienhof-Langendamm-524-715x380.jpg 715w\" sizes=\"(max-width: 2048px) 100vw, 2048px\" \/><\/a><p id=\"caption-attachment-170\" class=\"wp-caption-text\">Die Ostsee bei Neuhaus &#8211; nur 20 Minuten per Auto<\/p><\/div>\n<p>\u00a0<\/p>\n<hr \/>\n<h4>Ruhiges Hinterland an der Ostsee<\/h4>\n<p>In das nicht weniger interessante Hinterland der K\u00fcste, in dem die Kraniche und Wildg\u00e4nse im Fr\u00fchjahr und Herbst in gro\u00dfen Mengen rasten, gelangen Sie auf kurzen Wegen, auch per Fahrrad auf guten Radwegen. Kommen Sie zur Ruhe, werden Sie \u00fcber die reiche Vogel- und Tierwelt staunen\u2026. .<\/p>\n<div id=\"attachment_164\" style=\"width: 2058px\" class=\"wp-caption aligncenter\"><img aria-describedby=\"caption-attachment-164\" decoding=\"async\" loading=\"lazy\" class=\"size-full wp-image-164\" src=\"http:\/\/kastanienhof-langendamm.de\/wp-content\/uploads\/2016\/07\/Ferienhaus-Kastanienhof-Langendamm-030983-1.jpg\" alt=\"OLYMPUS DIGITAL CAMERA\" width=\"2048\" height=\"1536\" srcset=\"https:\/\/kastanienhof-langendamm.de\/wp-content\/uploads\/2016\/07\/Ferienhaus-Kastanienhof-Langendamm-030983-1.jpg 2048w, https:\/\/kastanienhof-langendamm.de\/wp-content\/uploads\/2016\/07\/Ferienhaus-Kastanienhof-Langendamm-030983-1-300x225.jpg 300w, https:\/\/kastanienhof-langendamm.de\/wp-content\/uploads\/2016\/07\/Ferienhaus-Kastanienhof-Langendamm-030983-1-768x576.jpg 768w, https:\/\/kastanienhof-langendamm.de\/wp-content\/uploads\/2016\/07\/Ferienhaus-Kastanienhof-Langendamm-030983-1-1440x1080.jpg 1440w, https:\/\/kastanienhof-langendamm.de\/wp-content\/uploads\/2016\/07\/Ferienhaus-Kastanienhof-Langendamm-030983-1-507x380.jpg 507w\" sizes=\"(max-width: 2048px) 100vw, 2048px\" \/><p id=\"caption-attachment-164\" class=\"wp-caption-text\">Kraniche auf den umliegenden Feldern im Herbst<\/p><\/div>\n<hr \/>\n<h4>Impressionen vom Kastanienhof und seiner Umgebung:<\/h4>\n<div id='gallery-1' class='gallery galleryid-2 gallery-columns-3 gallery-size-thumbnail'><dl class='gallery-item'>\n\t\t\t<dt class='gallery-icon landscape'>\n\t\t\t\t<a href='https:\/\/kastanienhof-langendamm.de\/wp-content\/uploads\/2016\/07\/Ferienhaus-Kastanienhof-30.jpg'><img width=\"150\" height=\"150\" src=\"https:\/\/kastanienhof-langendamm.de\/wp-content\/uploads\/2016\/07\/Ferienhaus-Kastanienhof-30-150x150.jpg\" class=\"attachment-thumbnail size-thumbnail\" alt=\"\" decoding=\"async\" loading=\"lazy\" aria-describedby=\"gallery-1-167\" srcset=\"https:\/\/kastanienhof-langendamm.de\/wp-content\/uploads\/2016\/07\/Ferienhaus-Kastanienhof-30-150x150.jpg 150w, https:\/\/kastanienhof-langendamm.de\/wp-content\/uploads\/2016\/07\/Ferienhaus-Kastanienhof-30-90x90.jpg 90w\" sizes=\"(max-width: 150px) 100vw, 150px\" \/><\/a>\n\t\t\t<\/dt>\n\t\t\t\t<dd class='wp-caption-text gallery-caption' id='gallery-1-167'>\n\t\t\t\tGarten\n\t\t\t\t<\/dd><\/dl><dl class='gallery-item'>\n\t\t\t<dt class='gallery-icon landscape'>\n\t\t\t\t<a href='https:\/\/kastanienhof-langendamm.de\/wp-content\/uploads\/2016\/07\/IMGP9672-1.jpg'><img width=\"150\" height=\"150\" src=\"https:\/\/kastanienhof-langendamm.de\/wp-content\/uploads\/2016\/07\/IMGP9672-1-150x150.jpg\" class=\"attachment-thumbnail size-thumbnail\" alt=\"\" decoding=\"async\" loading=\"lazy\" aria-describedby=\"gallery-1-161\" srcset=\"https:\/\/kastanienhof-langendamm.de\/wp-content\/uploads\/2016\/07\/IMGP9672-1-150x150.jpg 150w, https:\/\/kastanienhof-langendamm.de\/wp-content\/uploads\/2016\/07\/IMGP9672-1-90x90.jpg 90w\" sizes=\"(max-width: 150px) 100vw, 150px\" \/><\/a>\n\t\t\t<\/dt>\n\t\t\t\t<dd class='wp-caption-text gallery-caption' id='gallery-1-161'>\n\t\t\t\tSp\u00e4tsommerblick\n\t\t\t\t<\/dd><\/dl><dl class='gallery-item'>\n\t\t\t<dt class='gallery-icon landscape'>\n\t\t\t\t<a href='https:\/\/kastanienhof-langendamm.de\/wp-content\/uploads\/2016\/07\/Weihnachten-2014-Serie-1-015.jpg'><img width=\"150\" height=\"150\" src=\"https:\/\/kastanienhof-langendamm.de\/wp-content\/uploads\/2016\/07\/Weihnachten-2014-Serie-1-015-150x150.jpg\" class=\"attachment-thumbnail size-thumbnail\" alt=\"\" decoding=\"async\" loading=\"lazy\" aria-describedby=\"gallery-1-89\" \/><\/a>\n\t\t\t<\/dt>\n\t\t\t\t<dd class='wp-caption-text gallery-caption' id='gallery-1-89'>\n\t\t\t\tBlick in die Winterlandschaft\n\t\t\t\t<\/dd><\/dl><br style=\"clear: both\" \/><dl class='gallery-item'>\n\t\t\t<dt class='gallery-icon landscape'>\n\t\t\t\t<a href='https:\/\/kastanienhof-langendamm.de\/wp-content\/uploads\/2016\/07\/Weihnachten-2014-Serie-1-003.jpg'><img width=\"150\" height=\"150\" src=\"https:\/\/kastanienhof-langendamm.de\/wp-content\/uploads\/2016\/07\/Weihnachten-2014-Serie-1-003-150x150.jpg\" class=\"attachment-thumbnail size-thumbnail\" alt=\"\" decoding=\"async\" loading=\"lazy\" aria-describedby=\"gallery-1-85\" \/><\/a>\n\t\t\t<\/dt>\n\t\t\t\t<dd class='wp-caption-text gallery-caption' id='gallery-1-85'>\n\t\t\t\tVerschneiter Kastanienhof\n\t\t\t\t<\/dd><\/dl><dl class='gallery-item'>\n\t\t\t<dt class='gallery-icon landscape'>\n\t\t\t\t<a href='https:\/\/kastanienhof-langendamm.de\/wp-content\/uploads\/2016\/07\/20140419-IMGP7539.jpg'><img width=\"150\" height=\"150\" src=\"https:\/\/kastanienhof-langendamm.de\/wp-content\/uploads\/2016\/07\/20140419-IMGP7539-150x150.jpg\" class=\"attachment-thumbnail size-thumbnail\" alt=\"\" decoding=\"async\" loading=\"lazy\" aria-describedby=\"gallery-1-80\" \/><\/a>\n\t\t\t<\/dt>\n\t\t\t\t<dd class='wp-caption-text gallery-caption' id='gallery-1-80'>\n\t\t\t\tbei Zingst\n\t\t\t\t<\/dd><\/dl><dl class='gallery-item'>\n\t\t\t<dt class='gallery-icon landscape'>\n\t\t\t\t<a href='https:\/\/kastanienhof-langendamm.de\/wp-content\/uploads\/2016\/07\/20140418-IMGP7329.jpg'><img width=\"150\" height=\"150\" src=\"https:\/\/kastanienhof-langendamm.de\/wp-content\/uploads\/2016\/07\/20140418-IMGP7329-150x150.jpg\" class=\"attachment-thumbnail size-thumbnail\" alt=\"\" decoding=\"async\" loading=\"lazy\" aria-describedby=\"gallery-1-76\" \/><\/a>\n\t\t\t<\/dt>\n\t\t\t\t<dd class='wp-caption-text gallery-caption' id='gallery-1-76'>\n\t\t\t\tIm Garten\n\t\t\t\t<\/dd><\/dl><br style=\"clear: both\" \/><dl class='gallery-item'>\n\t\t\t<dt class='gallery-icon landscape'>\n\t\t\t\t<a href='https:\/\/kastanienhof-langendamm.de\/wp-content\/uploads\/2016\/07\/20131224-IMGP6161.jpg'><img width=\"150\" height=\"150\" src=\"https:\/\/kastanienhof-langendamm.de\/wp-content\/uploads\/2016\/07\/20131224-IMGP6161-150x150.jpg\" class=\"attachment-thumbnail size-thumbnail\" alt=\"\" decoding=\"async\" loading=\"lazy\" aria-describedby=\"gallery-1-74\" \/><\/a>\n\t\t\t<\/dt>\n\t\t\t\t<dd class='wp-caption-text gallery-caption' id='gallery-1-74'>\n\t\t\t\tDie Badestelle im Herbst\n\t\t\t\t<\/dd><\/dl><dl class='gallery-item'>\n\t\t\t<dt class='gallery-icon landscape'>\n\t\t\t\t<a href='https:\/\/kastanienhof-langendamm.de\/wp-content\/uploads\/2016\/07\/IMGP9668.jpg'><img width=\"150\" height=\"150\" src=\"https:\/\/kastanienhof-langendamm.de\/wp-content\/uploads\/2016\/07\/IMGP9668-150x150.jpg\" class=\"attachment-thumbnail size-thumbnail\" alt=\"\" decoding=\"async\" loading=\"lazy\" aria-describedby=\"gallery-1-66\" \/><\/a>\n\t\t\t<\/dt>\n\t\t\t\t<dd class='wp-caption-text gallery-caption' id='gallery-1-66'>\n\t\t\t\tHinter dem Hof\n\t\t\t\t<\/dd><\/dl><dl class='gallery-item'>\n\t\t\t<dt class='gallery-icon landscape'>\n\t\t\t\t<a href='https:\/\/kastanienhof-langendamm.de\/wp-content\/uploads\/2016\/07\/Ferienhaus-Kastanienhof-Langendamm-6200322.jpg'><img width=\"150\" height=\"150\" src=\"https:\/\/kastanienhof-langendamm.de\/wp-content\/uploads\/2016\/07\/Ferienhaus-Kastanienhof-Langendamm-6200322-150x150.jpg\" class=\"attachment-thumbnail size-thumbnail\" alt=\"\" decoding=\"async\" loading=\"lazy\" aria-describedby=\"gallery-1-12\" \/><\/a>\n\t\t\t<\/dt>\n\t\t\t\t<dd class='wp-caption-text gallery-caption' id='gallery-1-12'>\n\t\t\t\tKleine Fuchsfamilie\n\t\t\t\t<\/dd><\/dl><br style=\"clear: both\" \/><dl class='gallery-item'>\n\t\t\t<dt class='gallery-icon portrait'>\n\t\t\t\t<a href='https:\/\/kastanienhof-langendamm.de\/wp-content\/uploads\/2016\/07\/Ferienhaus-Kastanienhof-14.jpg'><img width=\"150\" height=\"150\" src=\"https:\/\/kastanienhof-langendamm.de\/wp-content\/uploads\/2016\/07\/Ferienhaus-Kastanienhof-14-150x150.jpg\" class=\"attachment-thumbnail size-thumbnail\" alt=\"\" decoding=\"async\" loading=\"lazy\" aria-describedby=\"gallery-1-172\" srcset=\"https:\/\/kastanienhof-langendamm.de\/wp-content\/uploads\/2016\/07\/Ferienhaus-Kastanienhof-14-150x150.jpg 150w, https:\/\/kastanienhof-langendamm.de\/wp-content\/uploads\/2016\/07\/Ferienhaus-Kastanienhof-14-90x90.jpg 90w\" sizes=\"(max-width: 150px) 100vw, 150px\" \/><\/a>\n\t\t\t<\/dt>\n\t\t\t\t<dd class='wp-caption-text gallery-caption' id='gallery-1-172'>\n\t\t\t\tBlick auf das Haus\n\t\t\t\t<\/dd><\/dl><dl class='gallery-item'>\n\t\t\t<dt class='gallery-icon landscape'>\n\t\t\t\t<a href='https:\/\/kastanienhof-langendamm.de\/wp-content\/uploads\/2016\/07\/20140419-IMGP7570-1.jpg'><img width=\"150\" height=\"150\" src=\"https:\/\/kastanienhof-langendamm.de\/wp-content\/uploads\/2016\/07\/20140419-IMGP7570-1-150x150.jpg\" class=\"attachment-thumbnail size-thumbnail\" alt=\"\" decoding=\"async\" loading=\"lazy\" aria-describedby=\"gallery-1-173\" srcset=\"https:\/\/kastanienhof-langendamm.de\/wp-content\/uploads\/2016\/07\/20140419-IMGP7570-1-150x150.jpg 150w, https:\/\/kastanienhof-langendamm.de\/wp-content\/uploads\/2016\/07\/20140419-IMGP7570-1-90x90.jpg 90w\" sizes=\"(max-width: 150px) 100vw, 150px\" \/><\/a>\n\t\t\t<\/dt>\n\t\t\t\t<dd class='wp-caption-text gallery-caption' id='gallery-1-173'>\n\t\t\t\tWildg\u00e4nse \n\t\t\t\t<\/dd><\/dl><dl class='gallery-item'>\n\t\t\t<dt class='gallery-icon landscape'>\n\t\t\t\t<a href='https:\/\/kastanienhof-langendamm.de\/wp-content\/uploads\/2016\/07\/Ferienhaus-Kastanienhof-Langendamm-0019.jpg'><img width=\"150\" height=\"150\" src=\"https:\/\/kastanienhof-langendamm.de\/wp-content\/uploads\/2016\/07\/Ferienhaus-Kastanienhof-Langendamm-0019-150x150.jpg\" class=\"attachment-thumbnail size-thumbnail\" alt=\"\" decoding=\"async\" loading=\"lazy\" aria-describedby=\"gallery-1-9\" \/><\/a>\n\t\t\t<\/dt>\n\t\t\t\t<dd class='wp-caption-text gallery-caption' id='gallery-1-9'>\n\t\t\t\tvon oben\n\t\t\t\t<\/dd><\/dl><br style=\"clear: both\" \/><dl class='gallery-item'>\n\t\t\t<dt class='gallery-icon landscape'>\n\t\t\t\t<a href='https:\/\/kastanienhof-langendamm.de\/wp-content\/uploads\/2016\/07\/Ferienhaus-Kastanienhof-10.jpg'><img width=\"150\" height=\"150\" src=\"https:\/\/kastanienhof-langendamm.de\/wp-content\/uploads\/2016\/07\/Ferienhaus-Kastanienhof-10-150x150.jpg\" class=\"attachment-thumbnail size-thumbnail\" alt=\"\" decoding=\"async\" loading=\"lazy\" srcset=\"https:\/\/kastanienhof-langendamm.de\/wp-content\/uploads\/2016\/07\/Ferienhaus-Kastanienhof-10-150x150.jpg 150w, https:\/\/kastanienhof-langendamm.de\/wp-content\/uploads\/2016\/07\/Ferienhaus-Kastanienhof-10-90x90.jpg 90w\" sizes=\"(max-width: 150px) 100vw, 150px\" \/><\/a>\n\t\t\t<\/dt><\/dl><dl class='gallery-item'>\n\t\t\t<dt class='gallery-icon landscape'>\n\t\t\t\t<a href='https:\/\/kastanienhof-langendamm.de\/wp-content\/uploads\/2016\/07\/Ferienhaus-Kastanienhof-16.jpg'><img width=\"150\" height=\"150\" src=\"https:\/\/kastanienhof-langendamm.de\/wp-content\/uploads\/2016\/07\/Ferienhaus-Kastanienhof-16-150x150.jpg\" class=\"attachment-thumbnail size-thumbnail\" alt=\"\" decoding=\"async\" loading=\"lazy\" srcset=\"https:\/\/kastanienhof-langendamm.de\/wp-content\/uploads\/2016\/07\/Ferienhaus-Kastanienhof-16-150x150.jpg 150w, https:\/\/kastanienhof-langendamm.de\/wp-content\/uploads\/2016\/07\/Ferienhaus-Kastanienhof-16-90x90.jpg 90w\" sizes=\"(max-width: 150px) 100vw, 150px\" \/><\/a>\n\t\t\t<\/dt><\/dl><dl class='gallery-item'>\n\t\t\t<dt class='gallery-icon portrait'>\n\t\t\t\t<a href='https:\/\/kastanienhof-langendamm.de\/wp-content\/uploads\/2016\/07\/Ferienhaus-Kastanienhof-23.jpg'><img width=\"150\" height=\"150\" src=\"https:\/\/kastanienhof-langendamm.de\/wp-content\/uploads\/2016\/07\/Ferienhaus-Kastanienhof-23-150x150.jpg\" class=\"attachment-thumbnail size-thumbnail\" alt=\"\" decoding=\"async\" loading=\"lazy\" srcset=\"https:\/\/kastanienhof-langendamm.de\/wp-content\/uploads\/2016\/07\/Ferienhaus-Kastanienhof-23-150x150.jpg 150w, https:\/\/kastanienhof-langendamm.de\/wp-content\/uploads\/2016\/07\/Ferienhaus-Kastanienhof-23-90x90.jpg 90w\" sizes=\"(max-width: 150px) 100vw, 150px\" \/><\/a>\n\t\t\t<\/dt><\/dl><br style=\"clear: both\" \/>\n\t\t<\/div>\n\n\n\n<p><\/p>\n","protected":false},"excerpt":{"rendered":"<p>Sie suchen einen Urlaubsort fern touristischer Hektik, eine Ferienwohnung mit viel Ruhe und Natur und doch nahe der Ostsee und den Zentren von Kunst, Kultur und Erholung? Dann sind Sie richtig im reetgedeckten blauen Haus am Bodden auf dem Kastanienhof. In privater Atmosph\u00e4re finden Sie im Hinterland der Halbinsel Fischland-Dar\u00df-Zingst eine ideale Unterkunft mit viel &hellip; <a href=\"https:\/\/kastanienhof-langendamm.de\/\" class=\"more-link\">Weiterlesen <span class=\"screen-reader-text\">WILLKOMMEN IM RUHIGEN HINTERLAND DER OSTSEE<\/span><\/a><\/p>\n","protected":false},"author":1,"featured_media":158,"parent":0,"menu_order":0,"comment_status":"closed","ping_status":"closed","template":"page-templates\/full-width-page.php","meta":[],"_links":{"self":[{"href":"https:\/\/kastanienhof-langendamm.de\/index.php?rest_route=\/wp\/v2\/pages\/2"}],"collection":[{"href":"https:\/\/kastanienhof-langendamm.de\/index.php?rest_route=\/wp\/v2\/pages"}],"about":[{"href":"https:\/\/kastanienhof-langendamm.de\/index.php?rest_route=\/wp\/v2\/types\/page"}],"author":[{"embeddable":true,"href":"https:\/\/kastanienhof-langendamm.de\/index.php?rest_route=\/wp\/v2\/users\/1"}],"replies":[{"embeddable":true,"href":"https:\/\/kastanienhof-langendamm.de\/index.php?rest_route=%2Fwp%2Fv2%2Fcomments&post=2"}],"version-history":[{"count":19,"href":"https:\/\/kastanienhof-langendamm.de\/index.php?rest_route=\/wp\/v2\/pages\/2\/revisions"}],"predecessor-version":[{"id":377,"href":"https:\/\/kastanienhof-langendamm.de\/index.php?rest_route=\/wp\/v2\/pages\/2\/revisions\/377"}],"wp:featuredmedia":[{"embeddable":true,"href":"https:\/\/kastanienhof-langendamm.de\/index.php?rest_route=\/wp\/v2\/media\/158"}],"wp:attachment":[{"href":"https:\/\/kastanienhof-langendamm.de\/index.php?rest_route=%2Fwp%2Fv2%2Fmedia&parent=2"}],"curies":[{"name":"wp","href":"https:\/\/api.w.org\/{rel}","templated":true}]}}