{"id":177,"date":"2016-07-05T11:15:55","date_gmt":"2016-07-05T11:15:55","guid":{"rendered":"http:\/\/kastanienhof-langendamm.de\/?page_id=177"},"modified":"2026-04-24T09:26:19","modified_gmt":"2026-04-24T09:26:19","slug":"ihr-ferienhaus","status":"publish","type":"page","link":"https:\/\/kastanienhof-langendamm.de\/?page_id=177","title":{"rendered":"Ihr Ferienhaus"},"content":{"rendered":"<div class=\"tailor-element tailor-section tailor-57d690a652856\">\n<div class=\"tailor-section__content\">\n<div class=\"tailor-element tailor-content tailor-57d690a652857\">\n<h4>Appartement<\/h4>\n<p>Die Ferienwohnung befindet sich in der H\u00e4lfte des \u00fcber 300 Jahre alten und gut sanierten Fischerkatens. Das Appartement mit gro\u00dfem Wohnloft, K\u00fcchenzeile, zwei kleinen Schlafzimmern, Bad und Flur ist vollst\u00e4ndig eingerichtet und besitzt einen separaten Zugang.<\/p>\n<p><strong>Standardbelegung (2-4 Personen)<\/strong>: 2 Erwachsene und bis zu 2 Kinder ist ideal oder 1-2 weitere Erwachsene sind m\u00f6glich.<br \/>\n<a href=\"http:\/\/kastanienhof-langendamm.de\/wp-content\/uploads\/2016\/07\/Grundriss-klein.jpg\"><img decoding=\"async\" loading=\"lazy\" class=\"aligncenter size-full wp-image-83\" src=\"http:\/\/kastanienhof-langendamm.de\/wp-content\/uploads\/2016\/07\/Grundriss-klein.jpg\" alt=\"Grundriss klein\" width=\"850\" height=\"724\" srcset=\"https:\/\/kastanienhof-langendamm.de\/wp-content\/uploads\/2016\/07\/Grundriss-klein.jpg 850w, https:\/\/kastanienhof-langendamm.de\/wp-content\/uploads\/2016\/07\/Grundriss-klein-300x256.jpg 300w, https:\/\/kastanienhof-langendamm.de\/wp-content\/uploads\/2016\/07\/Grundriss-klein-768x654.jpg 768w\" sizes=\"(max-width: 850px) 100vw, 850px\" \/><\/a><\/p>\n<h4>Ausstattung<\/h4>\n<ul>\n<li>ca. 70 qm Wohnfl\u00e4che<\/li>\n<li>gro\u00dfer Wohnraum mit gem\u00fctlicher gro\u00dfz\u00fcgiger Sitzecke, gro\u00dfem Esstisch und K\u00fcchenzeile<\/li>\n<li>1 Schlafzimmer (Doppelbett 160 x 200 cm)<\/li>\n<li>1 Schlafzimmer (zwei Einzelbetten 85 x 200 cm), alternativ Kinderreisebett bis drei Jahre<\/li>\n<li>1 Badezimmer mit Dusche, WC und Waschmaschine<\/li>\n<li>voll ausgestattete K\u00fcchenzeile im gro\u00dfen Wohnraum mit Herd, Backofen, K\u00fchlschrank mit Gefrierfach und Geschirrsp\u00fcler<\/li>\n<li>Radio\/CD mit ausgew\u00e4hlten H\u00f6rb\u00fcchern<\/li>\n<li>Fernseher<\/li>\n<li>Bibliothek mit Romanen f\u00fcr Erwachsene, Kinderb\u00fcchern und Reiseliteratur des Nordens<\/li>\n<li>Glasfaser-WLAN (50 Mbit download \/ 10 Mbit upload)<\/li>\n<li>Heizung durch W\u00e4rmepumpe<\/li>\n<li>Parkm\u00f6glichkeit<\/li>\n<li>Garten mit Gartenm\u00f6beln und Grillm\u00f6glichkeit bei der Feuerschale<\/li>\n<li>Handt\u00fccher und Bettw\u00e4sche inclusive<\/li>\n<\/ul>\n<h4>Galerie<\/h4>\n<div id='gallery-1' class='gallery galleryid-177 gallery-columns-4 gallery-size-thumbnail'><dl class='gallery-item'>\n\t\t\t<dt class='gallery-icon landscape'>\n\t\t\t\t<a href='https:\/\/kastanienhof-langendamm.de\/wp-content\/uploads\/2016\/07\/IMGP9630.jpg'><img width=\"150\" height=\"150\" src=\"https:\/\/kastanienhof-langendamm.de\/wp-content\/uploads\/2016\/07\/IMGP9630-150x150.jpg\" class=\"attachment-thumbnail size-thumbnail\" alt=\"\" decoding=\"async\" loading=\"lazy\" aria-describedby=\"gallery-1-56\" \/><\/a>\n\t\t\t<\/dt>\n\t\t\t\t<dd class='wp-caption-text gallery-caption' id='gallery-1-56'>\n\t\t\t\tEssbereich\n\t\t\t\t<\/dd><\/dl><dl class='gallery-item'>\n\t\t\t<dt class='gallery-icon portrait'>\n\t\t\t\t<a href='https:\/\/kastanienhof-langendamm.de\/wp-content\/uploads\/2016\/07\/IMGP9592.jpg'><img width=\"150\" height=\"150\" src=\"https:\/\/kastanienhof-langendamm.de\/wp-content\/uploads\/2016\/07\/IMGP9592-150x150.jpg\" class=\"attachment-thumbnail size-thumbnail\" alt=\"\" decoding=\"async\" loading=\"lazy\" aria-describedby=\"gallery-1-39\" \/><\/a>\n\t\t\t<\/dt>\n\t\t\t\t<dd class='wp-caption-text gallery-caption' id='gallery-1-39'>\n\t\t\t\tWohnzimmer\n\t\t\t\t<\/dd><\/dl><dl class='gallery-item'>\n\t\t\t<dt class='gallery-icon landscape'>\n\t\t\t\t<a href='https:\/\/kastanienhof-langendamm.de\/wp-content\/uploads\/2016\/07\/IMGP9605.jpg'><img width=\"150\" height=\"150\" src=\"https:\/\/kastanienhof-langendamm.de\/wp-content\/uploads\/2016\/07\/IMGP9605-150x150.jpg\" class=\"attachment-thumbnail size-thumbnail\" alt=\"\" decoding=\"async\" loading=\"lazy\" aria-describedby=\"gallery-1-43\" \/><\/a>\n\t\t\t<\/dt>\n\t\t\t\t<dd class='wp-caption-text gallery-caption' id='gallery-1-43'>\n\t\t\t\tWohnzimmer von Empore\n\t\t\t\t<\/dd><\/dl><dl class='gallery-item'>\n\t\t\t<dt class='gallery-icon landscape'>\n\t\t\t\t<a href='https:\/\/kastanienhof-langendamm.de\/wp-content\/uploads\/2016\/07\/IMGP9588.jpg'><img width=\"150\" height=\"150\" src=\"https:\/\/kastanienhof-langendamm.de\/wp-content\/uploads\/2016\/07\/IMGP9588-150x150.jpg\" class=\"attachment-thumbnail size-thumbnail\" alt=\"\" decoding=\"async\" loading=\"lazy\" aria-describedby=\"gallery-1-37\" \/><\/a>\n\t\t\t<\/dt>\n\t\t\t\t<dd class='wp-caption-text gallery-caption' id='gallery-1-37'>\n\t\t\t\tBlick auf Empore und K\u00fcche\n\t\t\t\t<\/dd><\/dl><br style=\"clear: both\" \/><dl class='gallery-item'>\n\t\t\t<dt class='gallery-icon portrait'>\n\t\t\t\t<a href='https:\/\/kastanienhof-langendamm.de\/wp-content\/uploads\/2016\/07\/IMGP9615.jpg'><img width=\"150\" height=\"150\" src=\"https:\/\/kastanienhof-langendamm.de\/wp-content\/uploads\/2016\/07\/IMGP9615-150x150.jpg\" class=\"attachment-thumbnail size-thumbnail\" alt=\"\" decoding=\"async\" loading=\"lazy\" aria-describedby=\"gallery-1-49\" \/><\/a>\n\t\t\t<\/dt>\n\t\t\t\t<dd class='wp-caption-text gallery-caption' id='gallery-1-49'>\n\t\t\t\tK\u00fcche\n\t\t\t\t<\/dd><\/dl><dl class='gallery-item'>\n\t\t\t<dt class='gallery-icon portrait'>\n\t\t\t\t<a href='https:\/\/kastanienhof-langendamm.de\/wp-content\/uploads\/2016\/07\/IMGP9628.jpg'><img width=\"150\" height=\"150\" src=\"https:\/\/kastanienhof-langendamm.de\/wp-content\/uploads\/2016\/07\/IMGP9628-150x150.jpg\" class=\"attachment-thumbnail size-thumbnail\" alt=\"\" decoding=\"async\" loading=\"lazy\" aria-describedby=\"gallery-1-55\" \/><\/a>\n\t\t\t<\/dt>\n\t\t\t\t<dd class='wp-caption-text gallery-caption' id='gallery-1-55'>\n\t\t\t\tK\u00fcche\n\t\t\t\t<\/dd><\/dl><dl class='gallery-item'>\n\t\t\t<dt class='gallery-icon landscape'>\n\t\t\t\t<a href='https:\/\/kastanienhof-langendamm.de\/wp-content\/uploads\/2016\/07\/IMGP9621.jpg'><img width=\"150\" height=\"150\" src=\"https:\/\/kastanienhof-langendamm.de\/wp-content\/uploads\/2016\/07\/IMGP9621-150x150.jpg\" class=\"attachment-thumbnail size-thumbnail\" alt=\"\" decoding=\"async\" loading=\"lazy\" \/><\/a>\n\t\t\t<\/dt><\/dl><dl class='gallery-item'>\n\t\t\t<dt class='gallery-icon landscape'>\n\t\t\t\t<a href='https:\/\/kastanienhof-langendamm.de\/wp-content\/uploads\/2016\/07\/IMGP9623.jpg'><img width=\"150\" height=\"150\" src=\"https:\/\/kastanienhof-langendamm.de\/wp-content\/uploads\/2016\/07\/IMGP9623-150x150.jpg\" class=\"attachment-thumbnail size-thumbnail\" alt=\"\" decoding=\"async\" loading=\"lazy\" aria-describedby=\"gallery-1-53\" \/><\/a>\n\t\t\t<\/dt>\n\t\t\t\t<dd class='wp-caption-text gallery-caption' id='gallery-1-53'>\n\t\t\t\tKeramikgeschirr\n\t\t\t\t<\/dd><\/dl><br style=\"clear: both\" \/><dl class='gallery-item'>\n\t\t\t<dt class='gallery-icon landscape'>\n\t\t\t\t<a href='https:\/\/kastanienhof-langendamm.de\/wp-content\/uploads\/2016\/07\/IMGP9636.jpg'><img width=\"150\" height=\"150\" src=\"https:\/\/kastanienhof-langendamm.de\/wp-content\/uploads\/2016\/07\/IMGP9636-150x150.jpg\" class=\"attachment-thumbnail size-thumbnail\" alt=\"\" decoding=\"async\" loading=\"lazy\" aria-describedby=\"gallery-1-58\" \/><\/a>\n\t\t\t<\/dt>\n\t\t\t\t<dd class='wp-caption-text gallery-caption' id='gallery-1-58'>\n\t\t\t\tKlavier\n\t\t\t\t<\/dd><\/dl><dl class='gallery-item'>\n\t\t\t<dt class='gallery-icon portrait'>\n\t\t\t\t<a href='https:\/\/kastanienhof-langendamm.de\/wp-content\/uploads\/2016\/07\/IMGP9564.jpg'><img width=\"150\" height=\"150\" src=\"https:\/\/kastanienhof-langendamm.de\/wp-content\/uploads\/2016\/07\/IMGP9564-150x150.jpg\" class=\"attachment-thumbnail size-thumbnail\" alt=\"\" decoding=\"async\" loading=\"lazy\" aria-describedby=\"gallery-1-27\" \/><\/a>\n\t\t\t<\/dt>\n\t\t\t\t<dd class='wp-caption-text gallery-caption' id='gallery-1-27'>\n\t\t\t\tSchlafzimmer 1\n\t\t\t\t<\/dd><\/dl><dl class='gallery-item'>\n\t\t\t<dt class='gallery-icon landscape'>\n\t\t\t\t<a href='https:\/\/kastanienhof-langendamm.de\/wp-content\/uploads\/2016\/07\/IMGP9584.jpg'><img width=\"150\" height=\"150\" src=\"https:\/\/kastanienhof-langendamm.de\/wp-content\/uploads\/2016\/07\/IMGP9584-150x150.jpg\" class=\"attachment-thumbnail size-thumbnail\" alt=\"\" decoding=\"async\" loading=\"lazy\" aria-describedby=\"gallery-1-34\" \/><\/a>\n\t\t\t<\/dt>\n\t\t\t\t<dd class='wp-caption-text gallery-caption' id='gallery-1-34'>\n\t\t\t\tBad\n\t\t\t\t<\/dd><\/dl><dl class='gallery-item'>\n\t\t\t<dt class='gallery-icon portrait'>\n\t\t\t\t<a href='https:\/\/kastanienhof-langendamm.de\/wp-content\/uploads\/2016\/07\/IMGP9580.jpg'><img width=\"150\" height=\"150\" src=\"https:\/\/kastanienhof-langendamm.de\/wp-content\/uploads\/2016\/07\/IMGP9580-150x150.jpg\" class=\"attachment-thumbnail size-thumbnail\" alt=\"\" decoding=\"async\" loading=\"lazy\" aria-describedby=\"gallery-1-32\" \/><\/a>\n\t\t\t<\/dt>\n\t\t\t\t<dd class='wp-caption-text gallery-caption' id='gallery-1-32'>\n\t\t\t\tBad\n\t\t\t\t<\/dd><\/dl><br style=\"clear: both\" \/><dl class='gallery-item'>\n\t\t\t<dt class='gallery-icon portrait'>\n\t\t\t\t<a href='https:\/\/kastanienhof-langendamm.de\/wp-content\/uploads\/2016\/07\/IMGP9556.jpg'><img width=\"150\" height=\"150\" src=\"https:\/\/kastanienhof-langendamm.de\/wp-content\/uploads\/2016\/07\/IMGP9556-150x150.jpg\" class=\"attachment-thumbnail size-thumbnail\" alt=\"\" decoding=\"async\" loading=\"lazy\" aria-describedby=\"gallery-1-20\" \/><\/a>\n\t\t\t<\/dt>\n\t\t\t\t<dd class='wp-caption-text gallery-caption' id='gallery-1-20'>\n\t\t\t\tSchlafzimmer 2 \n\t\t\t\t<\/dd><\/dl><dl class='gallery-item'>\n\t\t\t<dt class='gallery-icon landscape'>\n\t\t\t\t<a href='https:\/\/kastanienhof-langendamm.de\/wp-content\/uploads\/2016\/07\/IMGP9561.jpg'><img width=\"150\" height=\"150\" src=\"https:\/\/kastanienhof-langendamm.de\/wp-content\/uploads\/2016\/07\/IMGP9561-150x150.jpg\" class=\"attachment-thumbnail size-thumbnail\" alt=\"\" decoding=\"async\" loading=\"lazy\" aria-describedby=\"gallery-1-24\" \/><\/a>\n\t\t\t<\/dt>\n\t\t\t\t<dd class='wp-caption-text gallery-caption' id='gallery-1-24'>\n\t\t\t\tSchlafzimmer 2 \n\t\t\t\t<\/dd><\/dl><dl class='gallery-item'>\n\t\t\t<dt class='gallery-icon portrait'>\n\t\t\t\t<a href='https:\/\/kastanienhof-langendamm.de\/wp-content\/uploads\/2016\/07\/IMGP9634.jpg'><img width=\"150\" height=\"150\" src=\"https:\/\/kastanienhof-langendamm.de\/wp-content\/uploads\/2016\/07\/IMGP9634-150x150.jpg\" class=\"attachment-thumbnail size-thumbnail\" alt=\"\" decoding=\"async\" loading=\"lazy\" aria-describedby=\"gallery-1-57\" \/><\/a>\n\t\t\t<\/dt>\n\t\t\t\t<dd class='wp-caption-text gallery-caption' id='gallery-1-57'>\n\t\t\t\tBibliothek \n\t\t\t\t<\/dd><\/dl><dl class='gallery-item'>\n\t\t\t<dt class='gallery-icon portrait'>\n\t\t\t\t<a href='https:\/\/kastanienhof-langendamm.de\/wp-content\/uploads\/2016\/07\/IMGP9604.jpg'><img width=\"150\" height=\"150\" src=\"https:\/\/kastanienhof-langendamm.de\/wp-content\/uploads\/2016\/07\/IMGP9604-150x150.jpg\" class=\"attachment-thumbnail size-thumbnail\" alt=\"\" decoding=\"async\" loading=\"lazy\" aria-describedby=\"gallery-1-42\" \/><\/a>\n\t\t\t<\/dt>\n\t\t\t\t<dd class='wp-caption-text gallery-caption' id='gallery-1-42'>\n\t\t\t\tEmpore\n\t\t\t\t<\/dd><\/dl><br style=\"clear: both\" \/>\n\t\t<\/div>\n\n<h4>Der Garten<\/h4>\n<p>F\u00fcr unsere G\u00e4ste steht ein ca. 3.500 qm gro\u00dfer Bereich des gro\u00dfen naturbelassenen Gartens zur Verf\u00fcgung, der den Kastanienhof umgibt. \u00a0Das reetgedeckte blaue Haus wird von einer gro\u00dfen Kastanie, einer beachtlichen Birke und mehreren gro\u00dfen Eichen gesch\u00fctzt. Im Garten stehen zudem Kirschb\u00e4ume, Apfelb\u00e4ume oder Birnenb\u00e4ume, auch ein Pfirsichbaum, die im Fr\u00fchjahr beeindruckend bl\u00fchen und die mit geerntet werden d\u00fcrfen.<\/p>\n<p>Eine gro\u00dfe Zahl der 65 verschiedene <a href=\"https:\/\/youtu.be\/IObNgZ1P7-U\">Vogelarten<\/a> des Ortes und seiner Umgebung nisten im weitr\u00e4umigen Garten. Zwergschn\u00e4pper, Stieglitz, Bachstelze, Buntspecht und Gr\u00fcnspecht sowie unz\u00e4hlige Meisen&#8230; Hasen hoppeln unweit einer Feuerschale oder Rehe durchstreifen neugierig das weitr\u00e4umige Gel\u00e4nde. Wasserb\u00fcffel weiden auf den Wiesen unmittelbar nebenan. Pferde sind auf den Koppeln im Ort. Vom Grundst\u00fcck lassen sich vor allem im Herbst die Zugv\u00f6gel beobachten: Wildg\u00e4nse und vor allem Kraniche landen h\u00e4ufig auf den nahe liegenden Feldern, die den Kastanienhof umgeben.<\/p>\n<div class=\"jetpack-video-wrapper\">\n<div class=\"tailor-responsive-embed\"><iframe title=\"Ferienhaus Kastanienhof Langendamm - Vogelbeobachtung\" src=\"https:\/\/www.youtube.com\/embed\/IObNgZ1P7-U?feature=oembed\" frameborder=\"0\" allow=\"accelerometer; autoplay; clipboard-write; encrypted-media; gyroscope; picture-in-picture; web-share\" referrerpolicy=\"strict-origin-when-cross-origin\" allowfullscreen><\/iframe><\/div>\n<\/div>\n<p>Je nach Jahreszeit k\u00f6nnen unsere G\u00e4ste gerne die zahlreich vorhandenen Obstb\u00e4ume nutzen und frische \u00c4pfel oder Pflaumen kosten. Auch ein fast ganzj\u00e4hrig nutzbares Kr\u00e4uterbeet mit\u00a0Schnittlauch, Thymian, Zitronenmelisse bis hin zu frischer Minze l\u00e4dt ein zum riechen und \u00a0schmecken und zur Verfeinerung der eigenen Gerichte, zum Salat oder einfach aufs Brot.<\/p>\n<\/div>\n<div  class=\"tailor-element tailor-gallery tailor-grid tailor-grid--gallery tailor-57d690a652858 is-lightbox-gallery\" data-slides=\"4\" data-autoplay=\"false\" data-autoplay-speed=\"3000\" data-arrows=\"false\" data-dots=\"false\" data-thumbnails=\"true\" data-fade=\"false\"><div class=\"tailor-grid--tablet tailor-grid--4\"><div class=\"tailor-grid__item\">\n<article class=\"tailor-attachment aspect-ratio-1-1 post-276 attachment type-attachment status-inherit hentry without-featured-image\" id=\"attachment-276\">\n\n\t<a class=\"tailor-attachment__link is-lightbox-image\" href=\"https:\/\/kastanienhof-langendamm.de\/wp-content\/uploads\/2016\/08\/P7310856.jpg\" rel=\"bookmark\"><figure class=\"tailor-attachment__image\"><img width=\"300\" height=\"300\" src=\"https:\/\/kastanienhof-langendamm.de\/wp-content\/uploads\/2016\/08\/P7310856-300x300.jpg\" class=\"attachment-thumbnail size-thumbnail\" alt=\"\" decoding=\"async\" loading=\"lazy\" srcset=\"https:\/\/kastanienhof-langendamm.de\/wp-content\/uploads\/2016\/08\/P7310856-300x300.jpg 300w, https:\/\/kastanienhof-langendamm.de\/wp-content\/uploads\/2016\/08\/P7310856-90x90.jpg 90w\" sizes=\"(max-width: 300px) 100vw, 300px\" \/><\/figure><\/a>\n<\/article><\/div><div class=\"tailor-grid__item\">\n<article class=\"tailor-attachment aspect-ratio-1-1 post-275 attachment type-attachment status-inherit hentry without-featured-image\" id=\"attachment-275\">\n\n\t<a class=\"tailor-attachment__link is-lightbox-image\" href=\"https:\/\/kastanienhof-langendamm.de\/wp-content\/uploads\/2016\/08\/P7310841.jpg\" rel=\"bookmark\"><figure class=\"tailor-attachment__image\"><img width=\"300\" height=\"300\" src=\"https:\/\/kastanienhof-langendamm.de\/wp-content\/uploads\/2016\/08\/P7310841-300x300.jpg\" class=\"attachment-thumbnail size-thumbnail\" alt=\"\" decoding=\"async\" loading=\"lazy\" srcset=\"https:\/\/kastanienhof-langendamm.de\/wp-content\/uploads\/2016\/08\/P7310841-300x300.jpg 300w, https:\/\/kastanienhof-langendamm.de\/wp-content\/uploads\/2016\/08\/P7310841-90x90.jpg 90w\" sizes=\"(max-width: 300px) 100vw, 300px\" \/><figcaption class=\"tailor-attachment__caption\">G\u00e4ste k\u00f6nnen sich gerne bedienen!<\/figcaption><\/figure><\/a>\n<\/article><\/div><div class=\"tailor-grid__item\">\n<article class=\"tailor-attachment aspect-ratio-1-1 post-274 attachment type-attachment status-inherit hentry without-featured-image\" id=\"attachment-274\">\n\n\t<a class=\"tailor-attachment__link is-lightbox-image\" href=\"https:\/\/kastanienhof-langendamm.de\/wp-content\/uploads\/2016\/08\/P7310835.jpg\" rel=\"bookmark\"><figure class=\"tailor-attachment__image\"><img width=\"300\" height=\"300\" src=\"https:\/\/kastanienhof-langendamm.de\/wp-content\/uploads\/2016\/08\/P7310835-300x300.jpg\" class=\"attachment-thumbnail size-thumbnail\" alt=\"\" decoding=\"async\" loading=\"lazy\" srcset=\"https:\/\/kastanienhof-langendamm.de\/wp-content\/uploads\/2016\/08\/P7310835-300x300.jpg 300w, https:\/\/kastanienhof-langendamm.de\/wp-content\/uploads\/2016\/08\/P7310835-90x90.jpg 90w\" sizes=\"(max-width: 300px) 100vw, 300px\" \/><\/figure><\/a>\n<\/article><\/div><div class=\"tailor-grid__item\">\n<article class=\"tailor-attachment aspect-ratio-1-1 post-273 attachment type-attachment status-inherit hentry without-featured-image\" id=\"attachment-273\">\n\n\t<a class=\"tailor-attachment__link is-lightbox-image\" href=\"https:\/\/kastanienhof-langendamm.de\/wp-content\/uploads\/2016\/08\/P7310679.jpg\" rel=\"bookmark\"><figure class=\"tailor-attachment__image\"><img width=\"300\" height=\"300\" src=\"https:\/\/kastanienhof-langendamm.de\/wp-content\/uploads\/2016\/08\/P7310679-300x300.jpg\" class=\"attachment-thumbnail size-thumbnail\" alt=\"\" decoding=\"async\" loading=\"lazy\" srcset=\"https:\/\/kastanienhof-langendamm.de\/wp-content\/uploads\/2016\/08\/P7310679-300x300.jpg 300w, https:\/\/kastanienhof-langendamm.de\/wp-content\/uploads\/2016\/08\/P7310679-90x90.jpg 90w\" sizes=\"(max-width: 300px) 100vw, 300px\" \/><figcaption class=\"tailor-attachment__caption\">Tymian, Zitronemelisse, Schnittlauch und co k\u00f6nnen gerne nach Absprache von unseren G\u00e4sten benutzt werden.<\/figcaption><\/figure><\/a>\n<\/article><\/div><div class=\"tailor-grid__item\">\n<article class=\"tailor-attachment aspect-ratio-1-1 post-176 attachment type-attachment status-inherit hentry without-featured-image\" id=\"attachment-176\">\n\n\t<a class=\"tailor-attachment__link is-lightbox-image\" href=\"https:\/\/kastanienhof-langendamm.de\/wp-content\/uploads\/2016\/07\/Ferienhaus-Kastanienhof-Langendamm-967.jpg\" rel=\"bookmark\"><figure class=\"tailor-attachment__image\"><img width=\"150\" height=\"150\" src=\"https:\/\/kastanienhof-langendamm.de\/wp-content\/uploads\/2016\/07\/Ferienhaus-Kastanienhof-Langendamm-967-150x150.jpg\" class=\"attachment-thumbnail size-thumbnail\" alt=\"\" decoding=\"async\" loading=\"lazy\" srcset=\"https:\/\/kastanienhof-langendamm.de\/wp-content\/uploads\/2016\/07\/Ferienhaus-Kastanienhof-Langendamm-967-150x150.jpg 150w, https:\/\/kastanienhof-langendamm.de\/wp-content\/uploads\/2016\/07\/Ferienhaus-Kastanienhof-Langendamm-967-90x90.jpg 90w\" sizes=\"(max-width: 150px) 100vw, 150px\" \/><\/figure><\/a>\n<\/article><\/div><div class=\"tailor-grid__item\">\n<article class=\"tailor-attachment aspect-ratio-1-1 post-271 attachment type-attachment status-inherit hentry without-featured-image\" id=\"attachment-271\">\n\n\t<a class=\"tailor-attachment__link is-lightbox-image\" href=\"https:\/\/kastanienhof-langendamm.de\/wp-content\/uploads\/2016\/08\/IMG_0159.jpg\" rel=\"bookmark\"><figure class=\"tailor-attachment__image\"><img width=\"300\" height=\"300\" src=\"https:\/\/kastanienhof-langendamm.de\/wp-content\/uploads\/2016\/08\/IMG_0159-300x300.jpg\" class=\"attachment-thumbnail size-thumbnail\" alt=\"\" decoding=\"async\" loading=\"lazy\" srcset=\"https:\/\/kastanienhof-langendamm.de\/wp-content\/uploads\/2016\/08\/IMG_0159-300x300.jpg 300w, https:\/\/kastanienhof-langendamm.de\/wp-content\/uploads\/2016\/08\/IMG_0159-90x90.jpg 90w, https:\/\/kastanienhof-langendamm.de\/wp-content\/uploads\/2016\/08\/IMG_0159-380x380.jpg 380w, https:\/\/kastanienhof-langendamm.de\/wp-content\/uploads\/2016\/08\/IMG_0159.jpg 640w\" sizes=\"(max-width: 300px) 100vw, 300px\" \/><\/figure><\/a>\n<\/article><\/div><div class=\"tailor-grid__item\">\n<article class=\"tailor-attachment aspect-ratio-1-1 post-283 attachment type-attachment status-inherit hentry without-featured-image\" id=\"attachment-283\">\n\n\t<a class=\"tailor-attachment__link is-lightbox-image\" href=\"https:\/\/kastanienhof-langendamm.de\/wp-content\/uploads\/2016\/09\/Ferienhaus-Kastanienhof-Langendamm-Kraniche-Ostsee-2.jpg\" rel=\"bookmark\"><figure class=\"tailor-attachment__image\"><img width=\"300\" height=\"300\" src=\"https:\/\/kastanienhof-langendamm.de\/wp-content\/uploads\/2016\/09\/Ferienhaus-Kastanienhof-Langendamm-Kraniche-Ostsee-2-300x300.jpg\" class=\"attachment-thumbnail size-thumbnail\" alt=\"\" decoding=\"async\" loading=\"lazy\" srcset=\"https:\/\/kastanienhof-langendamm.de\/wp-content\/uploads\/2016\/09\/Ferienhaus-Kastanienhof-Langendamm-Kraniche-Ostsee-2-300x300.jpg 300w, https:\/\/kastanienhof-langendamm.de\/wp-content\/uploads\/2016\/09\/Ferienhaus-Kastanienhof-Langendamm-Kraniche-Ostsee-2-90x90.jpg 90w\" sizes=\"(max-width: 300px) 100vw, 300px\" \/><figcaption class=\"tailor-attachment__caption\">OLYMPUS DIGITAL CAMERA<\/figcaption><\/figure><\/a>\n<\/article><\/div><div class=\"tailor-grid__item\">\n<article class=\"tailor-attachment aspect-ratio-1-1 post-114 attachment type-attachment status-inherit hentry without-featured-image\" id=\"attachment-114\">\n\n\t<a class=\"tailor-attachment__link is-lightbox-image\" href=\"https:\/\/kastanienhof-langendamm.de\/wp-content\/uploads\/2016\/07\/cropped-Ferienhaus-Kastanienhof-Langendamm-0033.jpg\" rel=\"bookmark\"><figure class=\"tailor-attachment__image\"><img width=\"150\" height=\"150\" src=\"https:\/\/kastanienhof-langendamm.de\/wp-content\/uploads\/2016\/07\/cropped-Ferienhaus-Kastanienhof-Langendamm-0033-150x150.jpg\" class=\"attachment-thumbnail size-thumbnail\" alt=\"\" decoding=\"async\" loading=\"lazy\" srcset=\"https:\/\/kastanienhof-langendamm.de\/wp-content\/uploads\/2016\/07\/cropped-Ferienhaus-Kastanienhof-Langendamm-0033-150x150.jpg 150w, https:\/\/kastanienhof-langendamm.de\/wp-content\/uploads\/2016\/07\/cropped-Ferienhaus-Kastanienhof-Langendamm-0033-256x256.jpg 256w\" sizes=\"(max-width: 150px) 100vw, 150px\" \/><\/figure><\/a>\n<\/article><\/div><div class=\"tailor-grid__item\">\n<article class=\"tailor-attachment aspect-ratio-1-1 post-65 attachment type-attachment status-inherit hentry without-featured-image\" id=\"attachment-65\">\n\n\t<a class=\"tailor-attachment__link is-lightbox-image\" href=\"https:\/\/kastanienhof-langendamm.de\/wp-content\/uploads\/2016\/07\/IMGP9664.jpg\" rel=\"bookmark\"><figure class=\"tailor-attachment__image\"><img width=\"150\" height=\"150\" src=\"https:\/\/kastanienhof-langendamm.de\/wp-content\/uploads\/2016\/07\/IMGP9664-150x150.jpg\" class=\"attachment-thumbnail size-thumbnail\" alt=\"\" decoding=\"async\" loading=\"lazy\" \/><\/figure><\/a>\n<\/article><\/div><div class=\"tailor-grid__item\">\n<article class=\"tailor-attachment aspect-ratio-1-1 post-9 attachment type-attachment status-inherit hentry without-featured-image\" id=\"attachment-9\">\n\n\t<a class=\"tailor-attachment__link is-lightbox-image\" href=\"https:\/\/kastanienhof-langendamm.de\/wp-content\/uploads\/2016\/07\/Ferienhaus-Kastanienhof-Langendamm-0019.jpg\" rel=\"bookmark\"><figure class=\"tailor-attachment__image\"><img width=\"150\" height=\"150\" src=\"https:\/\/kastanienhof-langendamm.de\/wp-content\/uploads\/2016\/07\/Ferienhaus-Kastanienhof-Langendamm-0019-150x150.jpg\" class=\"attachment-thumbnail size-thumbnail\" alt=\"\" decoding=\"async\" loading=\"lazy\" \/><figcaption class=\"tailor-attachment__caption\">von oben<\/figcaption><\/figure><\/a>\n<\/article><\/div><div class=\"tailor-grid__item\">\n<article class=\"tailor-attachment aspect-ratio-1-1 post-12 attachment type-attachment status-inherit hentry without-featured-image\" id=\"attachment-12\">\n\n\t<a class=\"tailor-attachment__link is-lightbox-image\" href=\"https:\/\/kastanienhof-langendamm.de\/wp-content\/uploads\/2016\/07\/Ferienhaus-Kastanienhof-Langendamm-6200322.jpg\" rel=\"bookmark\"><figure class=\"tailor-attachment__image\"><img width=\"150\" height=\"150\" src=\"https:\/\/kastanienhof-langendamm.de\/wp-content\/uploads\/2016\/07\/Ferienhaus-Kastanienhof-Langendamm-6200322-150x150.jpg\" class=\"attachment-thumbnail size-thumbnail\" alt=\"\" decoding=\"async\" loading=\"lazy\" \/><figcaption class=\"tailor-attachment__caption\">Kleine Fuchsfamilie<\/figcaption><\/figure><\/a>\n<\/article><\/div><\/div><\/div>\n<\/div>\n<\/div>\n","protected":false},"excerpt":{"rendered":"<p>Appartement Die Ferienwohnung befindet sich in der H\u00e4lfte des \u00fcber 300 Jahre alten und gut sanierten Fischerkatens. Das Appartement mit gro\u00dfem Wohnloft, K\u00fcchenzeile, zwei kleinen Schlafzimmern, Bad und Flur ist vollst\u00e4ndig eingerichtet und besitzt einen separaten Zugang. Standardbelegung (2-4 Personen): 2 Erwachsene und bis zu 2 Kinder ist ideal oder 1-2 weitere Erwachsene sind m\u00f6glich. &hellip; <a href=\"https:\/\/kastanienhof-langendamm.de\/?attachment_id=12\" class=\"more-link\">Weiterlesen <span class=\"screen-reader-text\">Kleine Fuchsfamilie beim Durchst\u00f6bern des Gartens<\/span><\/a><\/p>\n","protected":false},"author":1,"featured_media":178,"parent":0,"menu_order":0,"comment_status":"closed","ping_status":"closed","template":"page-templates\/full-width-page.php","meta":[],"_links":{"self":[{"href":"https:\/\/kastanienhof-langendamm.de\/index.php?rest_route=\/wp\/v2\/pages\/177"}],"collection":[{"href":"https:\/\/kastanienhof-langendamm.de\/index.php?rest_route=\/wp\/v2\/pages"}],"about":[{"href":"https:\/\/kastanienhof-langendamm.de\/index.php?rest_route=\/wp\/v2\/types\/page"}],"author":[{"embeddable":true,"href":"https:\/\/kastanienhof-langendamm.de\/index.php?rest_route=\/wp\/v2\/users\/1"}],"replies":[{"embeddable":true,"href":"https:\/\/kastanienhof-langendamm.de\/index.php?rest_route=%2Fwp%2Fv2%2Fcomments&post=177"}],"version-history":[{"count":13,"href":"https:\/\/kastanienhof-langendamm.de\/index.php?rest_route=\/wp\/v2\/pages\/177\/revisions"}],"predecessor-version":[{"id":392,"href":"https:\/\/kastanienhof-langendamm.de\/index.php?rest_route=\/wp\/v2\/pages\/177\/revisions\/392"}],"wp:featuredmedia":[{"embeddable":true,"href":"https:\/\/kastanienhof-langendamm.de\/index.php?rest_route=\/wp\/v2\/media\/178"}],"wp:attachment":[{"href":"https:\/\/kastanienhof-langendamm.de\/index.php?rest_route=%2Fwp%2Fv2%2Fmedia&parent=177"}],"curies":[{"name":"wp","href":"https:\/\/api.w.org\/{rel}","templated":true}]}}